{"id":348,"date":"2025-11-13T16:27:04","date_gmt":"2025-11-13T14:27:04","guid":{"rendered":"http:\/\/localhost\/paunasv\/?page_id=348"},"modified":"2025-11-20T13:14:44","modified_gmt":"2025-11-20T11:14:44","slug":"kontaktuppgifter","status":"publish","type":"page","link":"https:\/\/isannointi-pauna.fi\/sv\/kontaktuppgifter\/","title":{"rendered":"Kontaktuppgifter"},"content":{"rendered":"\n<div class=\"wp-block-group alignfull has-base-2-background-color has-background has-global-padding is-layout-constrained wp-container-core-group-is-layout-669513ed wp-block-group-is-layout-constrained\" style=\"margin-top:0;margin-bottom:0;padding-top:var(--wp--preset--spacing--50);padding-right:var(--wp--preset--spacing--50);padding-bottom:var(--wp--preset--spacing--50);padding-left:var(--wp--preset--spacing--50)\">\n<div class=\"wp-block-columns alignwide is-layout-flex wp-container-core-columns-is-layout-d0bbbce0 wp-block-columns-is-layout-flex\">\n<div class=\"wp-block-column is-layout-flow wp-container-core-column-is-layout-e3d1c41b wp-block-column-is-layout-flow\">\n<h2 class=\"wp-block-heading\">Is\u00e4nn\u00f6inti-Pauna Oy<\/h2>\n\n\n\n<p class=\"has-text-align-left\">Stormv\u00e4gen 21, 21600 PARGAS<\/p>\n\n\n\n<p>Telefon till kontoret vardagar 9-15. <a href=\"tel:0405562954\">0405562954<\/a><\/p>\n\n\n\n<div style=\"height:15px\" aria-hidden=\"true\" class=\"wp-block-spacer\"><\/div>\n<\/div>\n\n\n\n<div class=\"wp-block-column is-layout-flow wp-container-core-column-is-layout-e3d1c41b wp-block-column-is-layout-flow\">\n<figure class=\"wp-block-image size-full is-style-rounded is-style-rounded--1\"><img loading=\"lazy\" decoding=\"async\" width=\"385\" height=\"300\" src=\"https:\/\/isannointi-pauna.fi\/sv\/wp-content\/uploads\/2025\/11\/yhteys.jpg\" alt=\"\" class=\"wp-image-249\" srcset=\"https:\/\/isannointi-pauna.fi\/sv\/wp-content\/uploads\/2025\/11\/yhteys.jpg 385w, https:\/\/isannointi-pauna.fi\/sv\/wp-content\/uploads\/2025\/11\/yhteys-300x234.jpg 300w\" sizes=\"auto, (max-width: 385px) 100vw, 385px\" \/><\/figure>\n\n\n\n<div style=\"height:45px\" aria-hidden=\"true\" class=\"wp-block-spacer\"><\/div>\n<\/div>\n<\/div>\n\n\n\n<div class=\"wp-block-columns alignwide is-layout-flex wp-container-core-columns-is-layout-d0bbbce0 wp-block-columns-is-layout-flex\">\n<div class=\"wp-block-column is-layout-flow wp-container-core-column-is-layout-e3d1c41b wp-block-column-is-layout-flow\">\n<figure class=\"wp-block-image size-full is-style-rounded is-style-rounded--2\"><img loading=\"lazy\" decoding=\"async\" width=\"225\" height=\"225\" src=\"https:\/\/isannointi-pauna.fi\/sv\/wp-content\/uploads\/2025\/11\/heli_225x225.jpg\" alt=\"Heli Antikainen-Pauna\" class=\"wp-image-247\" srcset=\"https:\/\/isannointi-pauna.fi\/sv\/wp-content\/uploads\/2025\/11\/heli_225x225.jpg 225w, https:\/\/isannointi-pauna.fi\/sv\/wp-content\/uploads\/2025\/11\/heli_225x225-150x150.jpg 150w\" sizes=\"auto, (max-width: 225px) 100vw, 225px\" \/><\/figure>\n\n\n\n<p class=\"has-text-align-left\"><strong>Heli Antikainen-Pauna<\/strong><\/p>\n\n\n\n<p>disponent, disponentutbildning och disponentexamen, magister i administrativa vetenskaper<\/p>\n\n\n\n<p>heli@isannointi-pauna.fi<\/p>\n\n\n\n<p>tfn <a href=\"tel:0440270361\">0440 270 361<\/a><\/p>\n\n\n\n<div style=\"height:15px\" aria-hidden=\"true\" class=\"wp-block-spacer\"><\/div>\n<\/div>\n\n\n\n<div class=\"wp-block-column is-layout-flow wp-container-core-column-is-layout-e3d1c41b wp-block-column-is-layout-flow\">\n<figure class=\"wp-block-image size-full is-style-rounded is-style-rounded--3\"><img loading=\"lazy\" decoding=\"async\" width=\"225\" height=\"225\" src=\"https:\/\/isannointi-pauna.fi\/sv\/wp-content\/uploads\/2025\/11\/tapio_225x225.jpg\" alt=\"\" class=\"wp-image-364\" srcset=\"https:\/\/isannointi-pauna.fi\/sv\/wp-content\/uploads\/2025\/11\/tapio_225x225.jpg 225w, https:\/\/isannointi-pauna.fi\/sv\/wp-content\/uploads\/2025\/11\/tapio_225x225-150x150.jpg 150w\" sizes=\"auto, (max-width: 225px) 100vw, 225px\" \/><\/figure>\n\n\n\n<p class=\"has-text-align-left\"><strong>Tapio Pauna<\/strong><\/p>\n\n\n\n<p>byggnadsingenj\u00f6r<\/p>\n\n\n\n<p>tapio@isannointi-pauna.fi<\/p>\n\n\n\n<p>tfn <a href=\"tel:0400787375\">0400 787 375<\/a><\/p>\n\n\n\n<div style=\"height:15px\" aria-hidden=\"true\" class=\"wp-block-spacer\"><\/div>\n<\/div>\n\n\n\n<div class=\"wp-block-column is-layout-flow wp-container-core-column-is-layout-e3d1c41b wp-block-column-is-layout-flow\">\n<figure class=\"wp-block-image size-full is-style-rounded is-style-rounded--4\"><img loading=\"lazy\" decoding=\"async\" width=\"225\" height=\"225\" src=\"https:\/\/isannointi-pauna.fi\/sv\/wp-content\/uploads\/2025\/11\/Ella_225x225.jpg\" alt=\"Ella Ojanen\" class=\"wp-image-246\" srcset=\"https:\/\/isannointi-pauna.fi\/sv\/wp-content\/uploads\/2025\/11\/Ella_225x225.jpg 225w, https:\/\/isannointi-pauna.fi\/sv\/wp-content\/uploads\/2025\/11\/Ella_225x225-150x150.jpg 150w\" sizes=\"auto, (max-width: 225px) 100vw, 225px\" \/><\/figure>\n\n\n\n<p class=\"has-text-align-left\"><strong>Ella Ojanen<\/strong><\/p>\n\n\n\n<p>bokf\u00f6rare \/ fastighetssekreterare<\/p>\n\n\n\n<p>ella@isannointi-pauna.fi<\/p>\n\n\n\n<p>tfn <a href=\"tel:0405562954\">040 556 2954<\/a><\/p>\n\n\n\n<div style=\"height:15px\" aria-hidden=\"true\" class=\"wp-block-spacer\"><\/div>\n<\/div>\n<\/div>\n<\/div>\n","protected":false},"excerpt":{"rendered":"<p>Is\u00e4nn\u00f6inti-Pauna Oy Stormv\u00e4gen 21, 21600 PARGAS Telefon till kontoret vardagar 9-15. 0405562954 Heli Antikainen-Pauna disponent, disponentutbildning och disponentexamen, magister i administrativa vetenskaper heli@isannointi-pauna.fi tfn 0440 270 361 Tapio Pauna byggnadsingenj\u00f6r tapio@isannointi-pauna.fi tfn 0400 787 375 Ella Ojanen bokf\u00f6rare \/ fastighetssekreterare ella@isannointi-pauna.fi tfn 040 556 2954<\/p>\n","protected":false},"author":1,"featured_media":0,"parent":0,"menu_order":0,"comment_status":"closed","ping_status":"closed","template":"","meta":{"footnotes":""},"class_list":["post-348","page","type-page","status-publish","hentry"],"_links":{"self":[{"href":"https:\/\/isannointi-pauna.fi\/sv\/wp-json\/wp\/v2\/pages\/348","targetHints":{"allow":["GET"]}}],"collection":[{"href":"https:\/\/isannointi-pauna.fi\/sv\/wp-json\/wp\/v2\/pages"}],"about":[{"href":"https:\/\/isannointi-pauna.fi\/sv\/wp-json\/wp\/v2\/types\/page"}],"author":[{"embeddable":true,"href":"https:\/\/isannointi-pauna.fi\/sv\/wp-json\/wp\/v2\/users\/1"}],"replies":[{"embeddable":true,"href":"https:\/\/isannointi-pauna.fi\/sv\/wp-json\/wp\/v2\/comments?post=348"}],"version-history":[{"count":6,"href":"https:\/\/isannointi-pauna.fi\/sv\/wp-json\/wp\/v2\/pages\/348\/revisions"}],"predecessor-version":[{"id":365,"href":"https:\/\/isannointi-pauna.fi\/sv\/wp-json\/wp\/v2\/pages\/348\/revisions\/365"}],"wp:attachment":[{"href":"https:\/\/isannointi-pauna.fi\/sv\/wp-json\/wp\/v2\/media?parent=348"}],"curies":[{"name":"wp","href":"https:\/\/api.w.org\/{rel}","templated":true}]}}