{"id":345,"date":"2025-11-13T16:27:04","date_gmt":"2025-11-13T14:27:04","guid":{"rendered":"http:\/\/localhost\/paunasv\/?page_id=345"},"modified":"2025-11-20T13:16:01","modified_gmt":"2025-11-20T11:16:01","slug":"nyttiga-lankar","status":"publish","type":"page","link":"https:\/\/isannointi-pauna.fi\/sv\/nyttiga-lankar\/","title":{"rendered":"Nyttiga l\u00e4nkar"},"content":{"rendered":"\n<div class=\"wp-block-group alignfull has-base-2-background-color has-background has-global-padding is-layout-constrained wp-container-core-group-is-layout-669513ed wp-block-group-is-layout-constrained\" style=\"margin-top:0;margin-bottom:0;padding-top:var(--wp--preset--spacing--50);padding-right:var(--wp--preset--spacing--50);padding-bottom:var(--wp--preset--spacing--50);padding-left:var(--wp--preset--spacing--50)\">\n<div class=\"wp-block-columns alignwide is-layout-flex wp-container-core-columns-is-layout-d0bbbce0 wp-block-columns-is-layout-flex\">\n<div class=\"wp-block-column is-layout-flow wp-container-core-column-is-layout-e3d1c41b wp-block-column-is-layout-flow\">\n<p><a href=\"http:\/\/www.isannointiliitto.fi\/\" target=\"_blank\" rel=\"noreferrer noopener\">Finlands fastighetsf\u00f6rvaltningsf\u00f6rbund rf<\/a><\/p>\n\n\n\n<p><a href=\"https:\/\/www.fastighetsforbundet.fi\/\" target=\"_blank\" rel=\"noreferrer noopener\">Finlands fastighetsf\u00f6rbund rf<\/a><\/p>\n\n\n\n<p><a href=\"https:\/\/ym.fi\/sv\/boende\" target=\"_blank\" rel=\"noreferrer noopener\">L\u00e4nkar om boende<\/a><\/p>\n\n\n\n<p><a href=\"http:\/\/www.turku.fi\/sv\" target=\"_blank\" rel=\"noreferrer noopener\">\u00c5bo stad<\/a><\/p>\n\n\n\n<p><a href=\"https:\/\/www.turkuenergia.fi\/sv\" target=\"_blank\" rel=\"noreferrer noopener\">\u00c5bo Energi Ab<\/a><\/p>\n\n\n\n<p><a href=\"https:\/\/dvv.fi\/sv\/privatpersoner\" target=\"_blank\" rel=\"noreferrer noopener\">Myndigheten f\u00f6r digitalisering och befolkningsdata<\/a><\/p>\n\n\n\n<p><a href=\"https:\/\/www.posti.fi\/flyttanmalan\/\" target=\"_blank\" rel=\"noreferrer noopener\">Posti (flyttningsanm\u00e4lan)<\/a><\/p>\n\n\n\n<p><a href=\"https:\/\/www.vuokralaiset.fi\/pa-svenska\/\" target=\"_blank\" rel=\"noreferrer noopener\">Hyresg\u00e4sternas Centralf\u00f6rbund rf<\/a><\/p>\n\n\n\n<p class=\"has-text-align-left\"><a href=\"https:\/\/www.ymparisto.fi\/sv\" target=\"_blank\" rel=\"noreferrer noopener\">Milj\u00f6f\u00f6rvaltning<\/a><\/p>\n\n\n\n<div style=\"height:15px\" aria-hidden=\"true\" class=\"wp-block-spacer\"><\/div>\n<\/div>\n\n\n\n<div class=\"wp-block-column is-layout-flow wp-container-core-column-is-layout-e3d1c41b wp-block-column-is-layout-flow\">\n<figure class=\"wp-block-image size-full is-style-rounded is-style-rounded--1\"><img decoding=\"async\" src=\"http:\/\/isannointi-pauna.fi\/sv\/wp-content\/uploads\/2013\/11\/linkkeja.jpg\" alt=\"\" class=\"wp-image-134\"\/><\/figure>\n\n\n\n<div style=\"height:15px\" aria-hidden=\"true\" class=\"wp-block-spacer\"><\/div>\n<\/div>\n<\/div>\n<\/div>\n","protected":false},"excerpt":{"rendered":"<p>Finlands fastighetsf\u00f6rvaltningsf\u00f6rbund rf Finlands fastighetsf\u00f6rbund rf L\u00e4nkar om boende \u00c5bo stad \u00c5bo Energi Ab Myndigheten f\u00f6r digitalisering och befolkningsdata Posti (flyttningsanm\u00e4lan) Hyresg\u00e4sternas Centralf\u00f6rbund rf Milj\u00f6f\u00f6rvaltning<\/p>\n","protected":false},"author":1,"featured_media":0,"parent":0,"menu_order":0,"comment_status":"closed","ping_status":"closed","template":"","meta":{"footnotes":""},"class_list":["post-345","page","type-page","status-publish","hentry"],"_links":{"self":[{"href":"https:\/\/isannointi-pauna.fi\/sv\/wp-json\/wp\/v2\/pages\/345","targetHints":{"allow":["GET"]}}],"collection":[{"href":"https:\/\/isannointi-pauna.fi\/sv\/wp-json\/wp\/v2\/pages"}],"about":[{"href":"https:\/\/isannointi-pauna.fi\/sv\/wp-json\/wp\/v2\/types\/page"}],"author":[{"embeddable":true,"href":"https:\/\/isannointi-pauna.fi\/sv\/wp-json\/wp\/v2\/users\/1"}],"replies":[{"embeddable":true,"href":"https:\/\/isannointi-pauna.fi\/sv\/wp-json\/wp\/v2\/comments?post=345"}],"version-history":[{"count":3,"href":"https:\/\/isannointi-pauna.fi\/sv\/wp-json\/wp\/v2\/pages\/345\/revisions"}],"predecessor-version":[{"id":367,"href":"https:\/\/isannointi-pauna.fi\/sv\/wp-json\/wp\/v2\/pages\/345\/revisions\/367"}],"wp:attachment":[{"href":"https:\/\/isannointi-pauna.fi\/sv\/wp-json\/wp\/v2\/media?parent=345"}],"curies":[{"name":"wp","href":"https:\/\/api.w.org\/{rel}","templated":true}]}}