{"id":34,"date":"2013-11-19T11:56:58","date_gmt":"2013-11-19T09:56:58","guid":{"rendered":"http:\/\/isannointi-pauna.fi\/sv\/?page_id=34"},"modified":"2025-12-01T14:29:20","modified_gmt":"2025-12-01T12:29:20","slug":"andrings-och-tillaggsarbeten-i-lagenheten","status":"publish","type":"page","link":"https:\/\/isannointi-pauna.fi\/sv\/andrings-och-tillaggsarbeten-i-lagenheten\/","title":{"rendered":"\u00c4ndrings- och till\u00e4ggsarbeten i l\u00e4genheten"},"content":{"rendered":"<p><a href=\"https:\/\/isannointi-pauna.fi\/sv\/wp-content\/uploads\/2025\/12\/underhalls_eller_andringsarbete.docx\">Anm\u00e4lan om underh\u00e5lls- eller \u00e4ndringsarbete.DOCX<\/a><\/p>\n<p><a href=\"https:\/\/isannointi-pauna.fi\/sv\/wp-content\/uploads\/2025\/12\/underhalls_eller_andringsarbete.pdf\">Anm\u00e4lan om underh\u00e5lls- eller \u00e4ndringsarbete.PDF<\/a><\/p>\n<h2>Anvisning f\u00f6r anm\u00e4lan om \u00e4ndringsarbete<\/h2>\n<p>Du m\u00e5ste g\u00f6ra en skriftlig utredning om \u00e4ndringsarbete till bostadsaktiebolagets styrelse innan du g\u00f6r eller l\u00e5ter g\u00f6ra en renovering i kundens bostad eller i en annan aktiel\u00e4genhet. Du m\u00e5ste g\u00f6ra en utredning om alla s\u00e5dana renoveringar som kan p\u00e5verka utrymmen eller konstruktioner som \u00e4gs av bolaget eller en annan del\u00e4gare.<\/p>\n<p>Renoveringen f\u00e5r inte inledas f\u00f6rr\u00e4n disponenten meddelar att utredningen om \u00e4ndringsarbete har behandlats. Del\u00e4garna ska beakta tiden som g\u00e5r \u00e5t till behandling av utredningen om \u00e4ndringsarbete vid planering av tidsschemat f\u00f6r renoveringen. Man efterstr\u00e4var att behandla utredningarna s\u00e5 snabbt som m\u00f6jligt, men i synnerhet i fr\u00e5ga om stora renoveringar kan det ta tid att utreda de \u00e4renden som behandlingen kr\u00e4ver.<\/p>\n<p>Vid alla renoveringar ska man f\u00f6lja god byggnadssed och renoveringarna m\u00e5ste ocks\u00e5 planeras noggrant. Utredningarna om \u00e4ndringsarbetena arkiveras och de bifogas till disponentintyget f\u00f6r bostaden i fr\u00e5ga.<\/p>\n<p><strong>Om dessa m\u00e5ste alltid g\u00f6ras en anm\u00e4lan<\/strong><\/p>\n<ul>\n<li>installering av parkett\/laminat ist\u00e4llet f\u00f6r plastmatta<\/li>\n<li>renovering, byggande eller borttagning av toalett, badrum eller bastu<\/li>\n<li>byte av b\u00e4nksk\u00e5p i k\u00f6ket<\/li>\n<li>installering av disk- och tv\u00e4ttmaskin<\/li>\n<li>byte av kran eller toalettstol<\/li>\n<li>losstagning av kran<\/li>\n<li>arbeten som kr\u00e4ver avst\u00e4ngning av vatten<\/li>\n<li>installering eller borttagning av fasta elledningar<\/li>\n<li>installering, \u00e4ndring eller demontering av apparater i anslutning till avlopps-, bruksvattens-, el-, uppv\u00e4rmnings- eller ventilationsanordningar: v\u00e4rmeelement eller golvv\u00e4rme som h\u00f6r till uppv\u00e4rmningssystemet, integrerad h\u00e4ll, spisk\u00e5pa eller spisfl\u00e4kt, spisfl\u00e4kt kopplad till ventilationen, varmvattenberedare<\/li>\n<li>byte av balkongens golvbel\u00e4ggning (kan p\u00e5verka vattenisoleringen)<\/li>\n<li>\u00e4ndringar i b\u00e4rande mellanv\u00e4ggar<\/li>\n<li>\u00e4ndringar i ytterd\u00f6rrar (t.ex. installering av d\u00f6rr\u00f6ga eller s\u00e4kerhetsl\u00e5s)<\/li>\n<li>rivning och flyttning av l\u00e4tta mellanv\u00e4ggar eller byggande av nya, om det finns el- eller dylika ledningar i dem<\/li>\n<\/ul>\n<p><strong>Om dessa beh\u00f6ver ingen anm\u00e4lan g\u00f6ras<\/strong>\u00a0(om du \u00e4r os\u00e4ker, fr\u00e5ga disponenten eller styrelsen)<\/p>\n<ul>\n<li>tapetsering och m\u00e5lning<\/li>\n<li>upph\u00e4ngning av tavlor<\/li>\n<li>byte av \u00f6vre sk\u00e5pen i k\u00f6ket (om detta inte p\u00e5verkar ventilationskanalerna)<\/li>\n<li>installering av tv\u00e4ttmaskin i v\u00e5tutrymme om tv\u00e4ttmaskinsanslutning finns<\/li>\n<li>s\u00e4nkning av rumsh\u00f6jden (om detta inte p\u00e5verkar ventilationskanalerna eller elledningar)<\/li>\n<li>montering eller demontering av fasta m\u00f6bler, s\u00e5som hallsk\u00e5p eller kl\u00e4dsk\u00e5p<\/li>\n<li>installering, \u00e4ndring eller demontering av andra apparater \u00e4n apparater i anslutning till avlopps-, bruksvattens-, el-, uppv\u00e4rmnings- eller ventilationsanordningar: kyl-, frys- eller svalsk\u00e5p, mikrov\u00e5gsugn, spisfl\u00e4kt (t.ex. med aktivt kol, som inte \u00e4r en del av ventilationssystemet)<\/li>\n<li>borttagning av melland\u00f6rrar<\/li>\n<li>byte av gammalt parkettgolv till ett nytt liknande parkettgolv<\/li>\n<\/ul>\n<p>F\u00f6r arbeten som kr\u00e4ver bygglov m\u00e5ste i enlighet med gammal praxis g\u00f6ras en ans\u00f6kan till bolagsstyrelsen, som antingen godk\u00e4nner eller inte godk\u00e4nner \u00e4ndringsarbetet, t.ex. byggande av en bastu i en bostadsl\u00e4genhet eller \u00e4ndringsarbeten i b\u00e4rande konstruktioner. Efter att tillst\u00e5ndet beviljats ans\u00f6ker del\u00e4garen p\u00e5 bemyndigande av styrelsen om bygglov f\u00f6r \u00e4ndringsarbetet.<\/p>\n<p>Vi rekommenderar att personer som utf\u00f6r vattenisolering i badrum \u00e4r certifierade v\u00e5trumsmont\u00f6rer. Bostadsaktiebolaget har inspektionsr\u00e4tt r\u00f6rande renoveringar.<\/p>\n","protected":false},"excerpt":{"rendered":"<p>Anm\u00e4lan om underh\u00e5lls- eller \u00e4ndringsarbete.DOCX Anm\u00e4lan om underh\u00e5lls- eller \u00e4ndringsarbete.PDF Anvisning f\u00f6r anm\u00e4lan om \u00e4ndringsarbete Du m\u00e5ste g\u00f6ra en skriftlig utredning om \u00e4ndringsarbete till bostadsaktiebolagets styrelse innan du g\u00f6r eller l\u00e5ter g\u00f6ra en renovering i kundens bostad eller i en annan aktiel\u00e4genhet. Du m\u00e5ste g\u00f6ra en utredning om alla s\u00e5dana renoveringar som kan p\u00e5verka utrymmen [&hellip;]<\/p>\n","protected":false},"author":1,"featured_media":0,"parent":0,"menu_order":2,"comment_status":"closed","ping_status":"closed","template":"","meta":{"footnotes":""},"class_list":["post-34","page","type-page","status-publish","hentry"],"_links":{"self":[{"href":"https:\/\/isannointi-pauna.fi\/sv\/wp-json\/wp\/v2\/pages\/34","targetHints":{"allow":["GET"]}}],"collection":[{"href":"https:\/\/isannointi-pauna.fi\/sv\/wp-json\/wp\/v2\/pages"}],"about":[{"href":"https:\/\/isannointi-pauna.fi\/sv\/wp-json\/wp\/v2\/types\/page"}],"author":[{"embeddable":true,"href":"https:\/\/isannointi-pauna.fi\/sv\/wp-json\/wp\/v2\/users\/1"}],"replies":[{"embeddable":true,"href":"https:\/\/isannointi-pauna.fi\/sv\/wp-json\/wp\/v2\/comments?post=34"}],"version-history":[{"count":10,"href":"https:\/\/isannointi-pauna.fi\/sv\/wp-json\/wp\/v2\/pages\/34\/revisions"}],"predecessor-version":[{"id":392,"href":"https:\/\/isannointi-pauna.fi\/sv\/wp-json\/wp\/v2\/pages\/34\/revisions\/392"}],"wp:attachment":[{"href":"https:\/\/isannointi-pauna.fi\/sv\/wp-json\/wp\/v2\/media?parent=34"}],"curies":[{"name":"wp","href":"https:\/\/api.w.org\/{rel}","templated":true}]}}