{"id":296,"date":"2025-09-10T12:17:40","date_gmt":"2025-09-10T09:17:40","guid":{"rendered":"http:\/\/localhost\/pauna\/?page_id=296"},"modified":"2025-11-25T12:48:02","modified_gmt":"2025-11-25T10:48:02","slug":"etusivu","status":"publish","type":"page","link":"https:\/\/isannointi-pauna.fi\/sv\/","title":{"rendered":"Hem"},"content":{"rendered":"\n<div class=\"wp-block-group alignfull has-global-padding is-layout-constrained wp-container-core-group-is-layout-d89aad35 wp-block-group-is-layout-constrained\" style=\"margin-top:0;margin-bottom:0;padding-top:var(--wp--preset--spacing--50);padding-right:var(--wp--preset--spacing--50);padding-bottom:var(--wp--preset--spacing--50);padding-left:var(--wp--preset--spacing--50)\">\n<div class=\"wp-block-group alignwide has-global-padding is-layout-constrained wp-container-core-group-is-layout-19e250f3 wp-block-group-is-layout-constrained\">\n<div class=\"wp-block-group is-vertical is-content-justification-center is-layout-flex wp-container-core-group-is-layout-6329a8f3 wp-block-group-is-layout-flex\">\n<h2 class=\"wp-block-heading has-text-align-center\">Is\u00e4nn\u00f6inti-Pauna Oy, \u00c5bo och dess n\u00e4romr\u00e5den<\/h2>\n<\/div>\n\n\n\n<div style=\"height:var(--wp--preset--spacing--40)\" aria-hidden=\"true\" class=\"wp-block-spacer\"><\/div>\n\n\n\n<div class=\"wp-block-columns alignwide is-layout-flex wp-container-core-columns-is-layout-d1c656ed wp-block-columns-is-layout-flex\">\n<div class=\"wp-block-column is-vertically-aligned-center is-layout-flow wp-block-column-is-layout-flow\" style=\"flex-basis:100%\">\n<p>Vi vill erbjuda ert bostadsaktiebolag ansvarsfulla och j\u00e4mlika fastighetsf\u00f6rvaltningstj\u00e4nster, s\u00e5 att ni sj\u00e4lva bekymmersfritt kan njuta av boendet. Vi \u00e4r era intressebevakare och st\u00e5r till er tj\u00e4nst med v\u00e5r omfattande erfarenhet av ekonomi och fastighetsbranschen.<\/p>\n\n\n\n<p>Vi har fackkunskap och erfarenhet av grundrenoveringsprojekt i alla storleksklasser. Vi ansvarar f\u00f6r att fastighetens s\u00e4kerhet, funktionsduglighet och trivsel motsvarar den aktuella kravniv\u00e5n i den omfattning som bolaget \u00f6nskar.<\/p>\n\n\n\n<p>Vi betj\u00e4nar er i \u00c5boregionen.<\/p>\n\n\n\n<p>Ta kontakt och beg\u00e4r offert!<\/p>\n\n\n\n<p>\u2013 FULLSERVICEDISPONENTF\u00d6RETAG TILL ER TJ\u00c4NST \u2013<\/p>\n<\/div>\n\n\n\n<div class=\"wp-block-column is-layout-flow wp-block-column-is-layout-flow\" style=\"flex-basis:40%\">\n<figure class=\"wp-block-image aligncenter size-full\"><a href=\"https:\/\/www.isannointiliitto.fi\/\" target=\"_blank\" rel=\" noreferrer noopener\"><img loading=\"lazy\" decoding=\"async\" width=\"120\" height=\"60\" src=\"https:\/\/isannointi-pauna.fi\/sv\/wp-content\/uploads\/2025\/11\/isannointiliitto_web_jasentunnus__small1.png\" alt=\"\" class=\"wp-image-244\"\/><\/a><\/figure>\n\n\n\n<figure class=\"wp-block-image aligncenter size-full is-style-rounded is-style-rounded--1\"><img decoding=\"async\" src=\"http:\/\/isannointi-pauna.fi\/sv\/wp-content\/uploads\/2013\/12\/etusivu.jpg\" alt=\"\" class=\"wp-image-123\"\/><\/figure>\n<\/div>\n<\/div>\n\n\n\n<div style=\"height:var(--wp--preset--spacing--40)\" aria-hidden=\"true\" class=\"wp-block-spacer\"><\/div>\n\n\n\n<div class=\"wp-block-columns alignwide is-layout-flex wp-container-core-columns-is-layout-d1c656ed wp-block-columns-is-layout-flex\">\n<div class=\"wp-block-column is-layout-flow wp-block-column-is-layout-flow\" style=\"flex-basis:50%\">\n<figure class=\"wp-block-image size-full is-style-rounded is-style-rounded--2\"><img loading=\"lazy\" decoding=\"async\" width=\"300\" height=\"264\" src=\"https:\/\/isannointi-pauna.fi\/sv\/wp-content\/uploads\/2025\/11\/STANDING_BLACK_1080x952-300x264-1.png\" alt=\"\" class=\"wp-image-245\"\/><\/figure>\n<\/div>\n\n\n\n<div class=\"wp-block-column is-vertically-aligned-center is-layout-flow wp-block-column-is-layout-flow\" style=\"flex-basis:40%\">\n<h2 class=\"wp-block-heading\">Tj\u00e4nster<\/h2>\n\n\n\n<ul style=\"line-height:1.75\" class=\"wp-block-list is-style-checkmark-list\">\n<li>administrativa och tekniska disponenttj\u00e4nster<\/li>\n\n\n\n<li>styrning av planeringen av renoveringsprojekt, projektledning och \u00f6vervakning<\/li>\n\n\n\n<li>utarbetande av kostnadsber\u00e4kning<\/li>\n\n\n\n<li>f\u00f6rmedling av hyresbost\u00e4der<\/li>\n<\/ul>\n<\/div>\n<\/div>\n<\/div>\n<\/div>\n\n\n\n<div class=\"wp-block-group alignfull has-base-2-background-color has-background has-global-padding is-layout-constrained wp-container-core-group-is-layout-669513ed wp-block-group-is-layout-constrained\" style=\"margin-top:0;margin-bottom:0;padding-top:var(--wp--preset--spacing--50);padding-right:var(--wp--preset--spacing--50);padding-bottom:var(--wp--preset--spacing--50);padding-left:var(--wp--preset--spacing--50)\">\n<div class=\"wp-block-columns alignwide is-layout-flex wp-container-core-columns-is-layout-d0bbbce0 wp-block-columns-is-layout-flex\">\n<div class=\"wp-block-column is-layout-flow wp-container-core-column-is-layout-e3d1c41b wp-block-column-is-layout-flow\">\n<figure class=\"wp-block-image aligncenter size-full\"><img loading=\"lazy\" decoding=\"async\" width=\"64\" height=\"64\" src=\"https:\/\/isannointi-pauna.fi\/sv\/wp-content\/uploads\/2025\/11\/document_64px.png\" alt=\"Allm\u00e4n anm\u00e4len\" class=\"wp-image-380\"\/><\/figure>\n\n\n\n<h3 class=\"wp-block-heading has-text-align-center\">Allm\u00e4n anm\u00e4len<\/h3>\n\n\n\n<p class=\"has-text-align-center\"><a href=\"https:\/\/isannointi-pauna.fi\/sv\/boende\/allmananmalan\/\" data-type=\"page\" data-id=\"60\">Fyll i blanketten<\/a><\/p>\n\n\n\n<div style=\"height:22px\" aria-hidden=\"true\" class=\"wp-block-spacer\"><\/div>\n<\/div>\n\n\n\n<div class=\"wp-block-column is-layout-flow wp-container-core-column-is-layout-e3d1c41b wp-block-column-is-layout-flow\">\n<figure class=\"wp-block-image aligncenter size-full\"><img loading=\"lazy\" decoding=\"async\" width=\"64\" height=\"64\" src=\"https:\/\/isannointi-pauna.fi\/sv\/wp-content\/uploads\/2025\/11\/tools_64px.png\" alt=\"Felanm\u00e4lan\" class=\"wp-image-378\"\/><\/figure>\n\n\n\n<h3 class=\"wp-block-heading has-text-align-center\">Felanm\u00e4lan<\/h3>\n\n\n\n<p class=\"has-text-align-center\"><a href=\"https:\/\/isannointi-pauna.fi\/sv\/boende\/felanmalan\/\" data-type=\"page\" data-id=\"63\">Fyll i blanketten<\/a><\/p>\n\n\n\n<div style=\"height:22px\" aria-hidden=\"true\" class=\"wp-block-spacer\"><\/div>\n<\/div>\n\n\n\n<div class=\"wp-block-column is-layout-flow wp-container-core-column-is-layout-e3d1c41b wp-block-column-is-layout-flow\">\n<figure class=\"wp-block-image aligncenter size-full\"><img loading=\"lazy\" decoding=\"async\" width=\"64\" height=\"64\" src=\"https:\/\/isannointi-pauna.fi\/sv\/wp-content\/uploads\/2025\/11\/clipboard_64px.png\" alt=\"Anm\u00e4len om underh\u00e5lls- eller \u00e4ndringsarbete\" class=\"wp-image-381\"\/><\/figure>\n\n\n\n<h3 class=\"wp-block-heading has-text-align-center\">Anm\u00e4len om underh\u00e5lls- eller \u00e4ndringsarbete<\/h3>\n\n\n\n<p class=\"has-text-align-center\"><a href=\"https:\/\/isannointi-pauna.fi\/sv\/andrings-och-tillaggsarbeten-i-lagenheten\/\" data-type=\"page\" data-id=\"34\">Ladda ned blanketten<\/a><\/p>\n<\/div>\n<\/div>\n\n\n\n<div style=\"height:23px\" aria-hidden=\"true\" class=\"wp-block-spacer\"><\/div>\n\n\n\n<div class=\"wp-block-columns alignwide is-layout-flex wp-container-core-columns-is-layout-d0bbbce0 wp-block-columns-is-layout-flex\">\n<div class=\"wp-block-column is-layout-flow wp-container-core-column-is-layout-e3d1c41b wp-block-column-is-layout-flow\">\n<figure class=\"wp-block-image aligncenter size-full\"><img loading=\"lazy\" decoding=\"async\" width=\"64\" height=\"64\" src=\"https:\/\/isannointi-pauna.fi\/sv\/wp-content\/uploads\/2025\/11\/calendar_64px.png\" alt=\"Flyttningsanm\u00e4lan\" class=\"wp-image-382\"\/><\/figure>\n\n\n\n<h3 class=\"wp-block-heading has-text-align-center\">Flyttningsanm\u00e4lan<\/h3>\n\n\n\n<p class=\"has-text-align-center\"><a href=\"https:\/\/isannointi-pauna.fi\/sv\/boende\/flyttningsanmalan\/\" data-type=\"page\" data-id=\"156\">Fyll i blanketten<\/a><\/p>\n\n\n\n<div style=\"height:20px\" aria-hidden=\"true\" class=\"wp-block-spacer\"><\/div>\n<\/div>\n\n\n\n<div class=\"wp-block-column is-layout-flow wp-container-core-column-is-layout-e3d1c41b wp-block-column-is-layout-flow\">\n<figure class=\"wp-block-image aligncenter size-full\"><img loading=\"lazy\" decoding=\"async\" width=\"64\" height=\"64\" src=\"https:\/\/isannointi-pauna.fi\/sv\/wp-content\/uploads\/2025\/11\/bag_64px.png\" alt=\"Dokumentbest\u00e4llning\" class=\"wp-image-383\"\/><\/figure>\n\n\n\n<h3 class=\"wp-block-heading has-text-align-center\">Dokumentbest\u00e4llning<\/h3>\n\n\n\n<p class=\"has-text-align-center\"><a href=\"https:\/\/isannointi-pauna.fi\/sv\/boende\/dokumentbestallning\/\" data-type=\"page\" data-id=\"65\">Fyll i blanketten<\/a><\/p>\n\n\n\n<div style=\"height:20px\" aria-hidden=\"true\" class=\"wp-block-spacer\"><\/div>\n<\/div>\n\n\n\n<div class=\"wp-block-column is-layout-flow wp-container-core-column-is-layout-e3d1c41b wp-block-column-is-layout-flow\">\n<figure class=\"wp-block-image aligncenter size-full\"><img loading=\"lazy\" decoding=\"async\" width=\"64\" height=\"64\" src=\"https:\/\/isannointi-pauna.fi\/sv\/wp-content\/uploads\/2025\/11\/compose_64px.png\" alt=\"Offert\" class=\"wp-image-379\"\/><\/figure>\n\n\n\n<h3 class=\"wp-block-heading has-text-align-center\">Offert<\/h3>\n\n\n\n<p class=\"has-text-align-center\"><a href=\"https:\/\/isannointi-pauna.fi\/sv\/kontaktuppgifter\/offert\/\" data-type=\"page\" data-id=\"67\">Fyll i blanketten<\/a><\/p>\n<\/div>\n<\/div>\n<\/div>\n\n\n\n<div class=\"wp-block-group alignfull has-global-padding is-layout-constrained wp-container-core-group-is-layout-490fa1db wp-block-group-is-layout-constrained\" style=\"padding-top:var(--wp--preset--spacing--50);padding-right:var(--wp--preset--spacing--50);padding-bottom:var(--wp--preset--spacing--50);padding-left:var(--wp--preset--spacing--50)\">\n<div class=\"wp-block-group has-global-padding is-layout-constrained wp-container-core-group-is-layout-650790e1 wp-block-group-is-layout-constrained\">\n<h2 class=\"wp-block-heading has-text-align-center has-x-large-font-size\">Kontaktuppgifter<\/h2>\n\n\n\n<div style=\"height:1.25rem\" aria-hidden=\"true\" class=\"wp-block-spacer\"><\/div>\n\n\n\n<p class=\"has-text-align-center\"><strong>Is\u00e4nn\u00f6inti-Pauna Oy<\/strong><\/p>\n\n\n\n<p class=\"has-text-align-center\">Stormv\u00e4gen 21, 21600 PARGAS<\/p>\n\n\n\n<p class=\"has-text-align-center\">Telefon till kontoret vardagar 9-15. <a href=\"tel:0405562954\">0405562954<\/a><\/p>\n<\/div>\n<\/div>\n\n\n\n<div class=\"wp-block-group alignfull has-global-padding is-layout-constrained wp-container-core-group-is-layout-669513ed wp-block-group-is-layout-constrained\" style=\"margin-top:0;margin-bottom:0;padding-top:var(--wp--preset--spacing--50);padding-right:var(--wp--preset--spacing--50);padding-bottom:var(--wp--preset--spacing--50);padding-left:var(--wp--preset--spacing--50)\">\n<div class=\"wp-block-columns alignwide is-layout-flex wp-container-core-columns-is-layout-d0bbbce0 wp-block-columns-is-layout-flex\">\n<div class=\"wp-block-column is-layout-flow wp-container-core-column-is-layout-e3d1c41b wp-block-column-is-layout-flow\">\n<figure class=\"wp-block-image aligncenter size-full is-style-rounded is-style-rounded--3\"><img loading=\"lazy\" decoding=\"async\" width=\"225\" height=\"225\" src=\"https:\/\/isannointi-pauna.fi\/sv\/wp-content\/uploads\/2025\/11\/heli_225x225.jpg\" alt=\"Heli Antikainen-Pauna\" class=\"wp-image-247\" srcset=\"https:\/\/isannointi-pauna.fi\/sv\/wp-content\/uploads\/2025\/11\/heli_225x225.jpg 225w, https:\/\/isannointi-pauna.fi\/sv\/wp-content\/uploads\/2025\/11\/heli_225x225-150x150.jpg 150w\" sizes=\"auto, (max-width: 225px) 100vw, 225px\" \/><\/figure>\n\n\n\n<p class=\"has-text-align-center\"><strong>Heli Antikainen-Pauna<\/strong><\/p>\n\n\n\n<p class=\"has-text-align-center\">disponent, disponentutbildning och disponentexamen, magister i administrativa vetenskaper<\/p>\n\n\n\n<p class=\"has-text-align-center\">heli@isannointi-pauna.fi<\/p>\n\n\n\n<p class=\"has-text-align-center\"><a href=\"tel:0440270361\">0440 270361<\/a><\/p>\n\n\n\n<div style=\"height:22px\" aria-hidden=\"true\" class=\"wp-block-spacer\"><\/div>\n<\/div>\n\n\n\n<div class=\"wp-block-column is-layout-flow wp-container-core-column-is-layout-e3d1c41b wp-block-column-is-layout-flow\">\n<figure class=\"wp-block-image aligncenter size-full is-style-rounded is-style-rounded--4\"><img loading=\"lazy\" decoding=\"async\" width=\"225\" height=\"225\" src=\"https:\/\/isannointi-pauna.fi\/sv\/wp-content\/uploads\/2025\/11\/tapio_225x225.jpg\" alt=\"\" class=\"wp-image-364\" srcset=\"https:\/\/isannointi-pauna.fi\/sv\/wp-content\/uploads\/2025\/11\/tapio_225x225.jpg 225w, https:\/\/isannointi-pauna.fi\/sv\/wp-content\/uploads\/2025\/11\/tapio_225x225-150x150.jpg 150w\" sizes=\"auto, (max-width: 225px) 100vw, 225px\" \/><\/figure>\n\n\n\n<p class=\"has-text-align-center\"><strong>Tapio Pauna<\/strong><\/p>\n\n\n\n<p class=\"has-text-align-center\">byggnadsingenj\u00f6r<\/p>\n\n\n\n<p class=\"has-text-align-center\">tapio@isannointi-pauna.fi<\/p>\n\n\n\n<p class=\"has-text-align-center\"><a href=\"tel:0400787375\">0400 787 375<\/a><\/p>\n\n\n\n<div style=\"height:22px\" aria-hidden=\"true\" class=\"wp-block-spacer\"><\/div>\n<\/div>\n\n\n\n<div class=\"wp-block-column is-layout-flow wp-container-core-column-is-layout-e3d1c41b wp-block-column-is-layout-flow\">\n<figure class=\"wp-block-image aligncenter size-full is-style-rounded is-style-rounded--5\"><img loading=\"lazy\" decoding=\"async\" width=\"225\" height=\"225\" src=\"https:\/\/isannointi-pauna.fi\/sv\/wp-content\/uploads\/2025\/11\/Ella_225x225.jpg\" alt=\"Ella Ojanen\" class=\"wp-image-246\" srcset=\"https:\/\/isannointi-pauna.fi\/sv\/wp-content\/uploads\/2025\/11\/Ella_225x225.jpg 225w, https:\/\/isannointi-pauna.fi\/sv\/wp-content\/uploads\/2025\/11\/Ella_225x225-150x150.jpg 150w\" sizes=\"auto, (max-width: 225px) 100vw, 225px\" \/><\/figure>\n\n\n\n<p class=\"has-text-align-center\"><strong>Ella Ojanen<\/strong><\/p>\n\n\n\n<p class=\"has-text-align-center\">bokf\u00f6rare \/ fastighetssekreterare<\/p>\n\n\n\n<p class=\"has-text-align-center\">ella@isannointi-pauna.fi<\/p>\n\n\n\n<p class=\"has-text-align-center\"><a href=\"tel:0405562954\">040 556 2954<\/a><\/p>\n<\/div>\n<\/div>\n<\/div>\n\n\n\n<div class=\"wp-block-group alignfull has-global-padding is-layout-constrained wp-container-core-group-is-layout-490fa1db wp-block-group-is-layout-constrained\" style=\"padding-top:var(--wp--preset--spacing--50);padding-right:var(--wp--preset--spacing--50);padding-bottom:var(--wp--preset--spacing--50);padding-left:var(--wp--preset--spacing--50)\">\n<figure class=\"wp-block-image alignwide size-full is-style-rounded is-style-rounded--6\"><img loading=\"lazy\" decoding=\"async\" width=\"1280\" height=\"550\" src=\"https:\/\/isannointi-pauna.fi\/sv\/wp-content\/uploads\/2025\/11\/etusivukuva.jpg\" alt=\"kuva rakennuksen julkisivusta\" class=\"wp-image-243\" srcset=\"https:\/\/isannointi-pauna.fi\/sv\/wp-content\/uploads\/2025\/11\/etusivukuva.jpg 1280w, https:\/\/isannointi-pauna.fi\/sv\/wp-content\/uploads\/2025\/11\/etusivukuva-300x129.jpg 300w, https:\/\/isannointi-pauna.fi\/sv\/wp-content\/uploads\/2025\/11\/etusivukuva-1024x440.jpg 1024w, https:\/\/isannointi-pauna.fi\/sv\/wp-content\/uploads\/2025\/11\/etusivukuva-768x330.jpg 768w\" sizes=\"auto, (max-width: 1280px) 100vw, 1280px\" \/><\/figure>\n<\/div>\n\n\n\n<div class=\"wp-block-group alignfull has-base-color has-contrast-background-color has-text-color has-background has-global-padding is-layout-constrained wp-container-core-group-is-layout-ef3d885c wp-block-group-is-layout-constrained\" style=\"margin-top:0;margin-bottom:0;padding-top:var(--wp--preset--spacing--60);padding-right:var(--wp--preset--spacing--60);padding-bottom:var(--wp--preset--spacing--60);padding-left:var(--wp--preset--spacing--60)\">\n<div class=\"wp-block-group has-global-padding is-layout-constrained wp-block-group-is-layout-constrained\">\n<p class=\"has-text-align-center has-base-color has-text-color has-heading-font-family has-x-large-font-size\" style=\"line-height:1.2\">Vi betj\u00e4nar i \u00c5boregionen<\/p>\n\n\n\n<div style=\"height:var(--wp--preset--spacing--10)\" aria-hidden=\"true\" class=\"wp-block-spacer\"><\/div>\n\n\n\n<div class=\"wp-block-group is-vertical is-content-justification-center is-nowrap is-layout-flex wp-container-core-group-is-layout-2dc08cea wp-block-group-is-layout-flex\">\n<iframe loading=\"lazy\" style= \"border-radius: 20px\" src=\"https:\/\/maps.google.fi\/?ie=UTF8&amp;ll=60.457895,22.332458&amp;spn=0.498363,1.674042&amp;t=m&amp;z=9&amp;output=embed\" width=\"825\" height=\"350\" frameborder=\"0\" marginwidth=\"0\" marginheight=\"0\" \nscrolling=\"no\"><\/iframe>\n<\/div>\n<\/div>\n<\/div>\n","protected":false},"excerpt":{"rendered":"<p>Is\u00e4nn\u00f6inti-Pauna Oy, \u00c5bo och dess n\u00e4romr\u00e5den Vi vill erbjuda ert bostadsaktiebolag ansvarsfulla och j\u00e4mlika fastighetsf\u00f6rvaltningstj\u00e4nster, s\u00e5 att ni sj\u00e4lva bekymmersfritt kan njuta av boendet. Vi \u00e4r era intressebevakare och st\u00e5r till er tj\u00e4nst med v\u00e5r omfattande erfarenhet av ekonomi och fastighetsbranschen. Vi har fackkunskap och erfarenhet av grundrenoveringsprojekt i alla storleksklasser. Vi ansvarar f\u00f6r att [&hellip;]<\/p>\n","protected":false},"author":1,"featured_media":0,"parent":0,"menu_order":0,"comment_status":"closed","ping_status":"closed","template":"page-no-title","meta":{"footnotes":""},"class_list":["post-296","page","type-page","status-publish","hentry"],"_links":{"self":[{"href":"https:\/\/isannointi-pauna.fi\/sv\/wp-json\/wp\/v2\/pages\/296","targetHints":{"allow":["GET"]}}],"collection":[{"href":"https:\/\/isannointi-pauna.fi\/sv\/wp-json\/wp\/v2\/pages"}],"about":[{"href":"https:\/\/isannointi-pauna.fi\/sv\/wp-json\/wp\/v2\/types\/page"}],"author":[{"embeddable":true,"href":"https:\/\/isannointi-pauna.fi\/sv\/wp-json\/wp\/v2\/users\/1"}],"replies":[{"embeddable":true,"href":"https:\/\/isannointi-pauna.fi\/sv\/wp-json\/wp\/v2\/comments?post=296"}],"version-history":[{"count":9,"href":"https:\/\/isannointi-pauna.fi\/sv\/wp-json\/wp\/v2\/pages\/296\/revisions"}],"predecessor-version":[{"id":388,"href":"https:\/\/isannointi-pauna.fi\/sv\/wp-json\/wp\/v2\/pages\/296\/revisions\/388"}],"wp:attachment":[{"href":"https:\/\/isannointi-pauna.fi\/sv\/wp-json\/wp\/v2\/media?parent=296"}],"curies":[{"name":"wp","href":"https:\/\/api.w.org\/{rel}","templated":true}]}}